{"id":190,"date":"2015-07-18T20:13:46","date_gmt":"2015-07-18T20:13:46","guid":{"rendered":"http:\/\/baruerieventos.com.br\/site\/?page_id=190"},"modified":"2015-07-18T20:13:46","modified_gmt":"2015-07-18T20:13:46","slug":"plublique-seu-evento","status":"publish","type":"page","link":"https:\/\/baruerieventos.com.br\/site\/plublique-seu-evento\/","title":{"rendered":"*Plublique seu Evento*"},"content":{"rendered":"<h3 class=\"entry-title\"><img loading=\"lazy\" decoding=\"async\" class=\"size-full wp-image-388 aligncenter\" src=\"https:\/\/baruerieventos.com.br\/site\/wp-content\/uploads\/2015\/07\/icn-post.png\" alt=\"icn-post\" width=\"148\" height=\"128\" \/><\/h3>\n<h3 class=\"entry-title\" style=\"text-align: center;\">Voc\u00ea pode publicar seu evento neste site, nos envie as informa\u00e7\u00f5es que nossa equipe analisar\u00e1 e divulgar\u00e1 seu evento sem qualquer custo.<\/h3>\n<p>Por favor preencha todos os dados solicitados, e aguarde nossa resposta.<\/p>\n<p>Prazo de 48 horas para verifica\u00e7\u00e3o e publica\u00e7\u00e3o.<\/p>\n<p>Utilize o formul\u00e1rio abaixo:<\/p>\n<p>[contact-form-7 id=&#8221;7511&#8243; title=&#8221;Publicando seu evento&#8221;]<\/p>\n<p>v2<\/p>\n\n\n<p><\/p>\n","protected":false},"excerpt":{"rendered":"<p>Voc\u00ea pode publicar seu evento neste site, nos envie as informa\u00e7\u00f5es que nossa equipe analisar\u00e1 e divulgar\u00e1 seu evento sem qualquer custo. Por favor preencha todos os dados solicitados, e [&hellip;]<\/p>\n","protected":false},"author":2,"featured_media":0,"parent":0,"menu_order":0,"comment_status":"closed","ping_status":"closed","template":"","meta":{"footnotes":""},"class_list":["post-190","page","type-page","status-publish","hentry"],"_links":{"self":[{"href":"https:\/\/baruerieventos.com.br\/site\/wp-json\/wp\/v2\/pages\/190","targetHints":{"allow":["GET"]}}],"collection":[{"href":"https:\/\/baruerieventos.com.br\/site\/wp-json\/wp\/v2\/pages"}],"about":[{"href":"https:\/\/baruerieventos.com.br\/site\/wp-json\/wp\/v2\/types\/page"}],"author":[{"embeddable":true,"href":"https:\/\/baruerieventos.com.br\/site\/wp-json\/wp\/v2\/users\/2"}],"replies":[{"embeddable":true,"href":"https:\/\/baruerieventos.com.br\/site\/wp-json\/wp\/v2\/comments?post=190"}],"version-history":[{"count":0,"href":"https:\/\/baruerieventos.com.br\/site\/wp-json\/wp\/v2\/pages\/190\/revisions"}],"wp:attachment":[{"href":"https:\/\/baruerieventos.com.br\/site\/wp-json\/wp\/v2\/media?parent=190"}],"curies":[{"name":"wp","href":"https:\/\/api.w.org\/{rel}","templated":true}]}}