{"id":2463,"date":"2017-03-28T17:51:47","date_gmt":"2017-03-28T20:51:47","guid":{"rendered":"http:\/\/baruerieventos.com.br\/site\/?page_id=2463"},"modified":"2017-03-28T17:51:47","modified_gmt":"2017-03-28T20:51:47","slug":"reserva-espaco-country-larezzo","status":"publish","type":"page","link":"https:\/\/baruerieventos.com.br\/site\/reserva-espaco-country-larezzo\/","title":{"rendered":"Reservas &#8211; Espa\u00e7o Country Larezzo"},"content":{"rendered":"<p>Reservas para o Espa\u00e7o Country, que acontece \u00e0s quintas feiras na Larezzo a partir das 19h.<\/p>\n<p><strong>M\u00fasica ao vivo.<\/strong><\/p>\n<p>Card\u00e1pio com diversas op\u00e7\u00f5es em petiscos, pizzas, sobremesas e bebidas em geral.<\/p>\n<h1><strong>Reservas<\/strong><\/h1>\n<p>N\u00e3o esque\u00e7a de informar na reserva se for os casos abaixo, use o campo mensagem do formul\u00e1rio.<\/p>\n<ul>\n<li>\u00a0Festas de anivers\u00e1rio acima de 20 pessoas, bolo gr\u00e1tis. (Reserva com no minimo 48hs de anteced\u00eancia, nas \u00a0demais sujeito a confirma\u00e7\u00e3o).<\/li>\n<li>Confraterniza\u00e7\u00e3o de Empresas\/Amigos \u00a0acima de 15 pessoas ( Camarote dispon\u00edvel sem custo adicional).<\/li>\n<\/ul>\n","protected":false},"excerpt":{"rendered":"<p>Reservas para o Espa\u00e7o Country, que acontece \u00e0s quintas feiras na Larezzo a partir das 19h. M\u00fasica ao vivo. Card\u00e1pio com diversas op\u00e7\u00f5es em petiscos, pizzas, sobremesas e bebidas em [&hellip;]<\/p>\n","protected":false},"author":1,"featured_media":2471,"parent":0,"menu_order":0,"comment_status":"closed","ping_status":"closed","template":"","meta":{"footnotes":""},"class_list":["post-2463","page","type-page","status-publish","has-post-thumbnail","hentry"],"_links":{"self":[{"href":"https:\/\/baruerieventos.com.br\/site\/wp-json\/wp\/v2\/pages\/2463","targetHints":{"allow":["GET"]}}],"collection":[{"href":"https:\/\/baruerieventos.com.br\/site\/wp-json\/wp\/v2\/pages"}],"about":[{"href":"https:\/\/baruerieventos.com.br\/site\/wp-json\/wp\/v2\/types\/page"}],"author":[{"embeddable":true,"href":"https:\/\/baruerieventos.com.br\/site\/wp-json\/wp\/v2\/users\/1"}],"replies":[{"embeddable":true,"href":"https:\/\/baruerieventos.com.br\/site\/wp-json\/wp\/v2\/comments?post=2463"}],"version-history":[{"count":0,"href":"https:\/\/baruerieventos.com.br\/site\/wp-json\/wp\/v2\/pages\/2463\/revisions"}],"wp:featuredmedia":[{"embeddable":true,"href":"https:\/\/baruerieventos.com.br\/site\/wp-json\/"}],"wp:attachment":[{"href":"https:\/\/baruerieventos.com.br\/site\/wp-json\/wp\/v2\/media?parent=2463"}],"curies":[{"name":"wp","href":"https:\/\/api.w.org\/{rel}","templated":true}]}}