{"id":3057,"date":"2017-06-08T00:21:51","date_gmt":"2017-06-08T03:21:51","guid":{"rendered":"http:\/\/baruerieventos.com.br\/site\/?page_id=3057"},"modified":"2017-06-08T00:21:51","modified_gmt":"2017-06-08T03:21:51","slug":"equipamentos-de-audio-e-video","status":"publish","type":"page","link":"https:\/\/baruerieventos.com.br\/site\/equipamentos-de-audio-e-video\/","title":{"rendered":"Equipamentos de \u00c1udio e V\u00eddeo"},"content":{"rendered":"<p class=\"fichaTitulo\"><strong>Pacotes para diferentes tipos de evento<\/strong><\/p>\n<p class=\"fichaTitulo\">(para outras solu\u00e7\u00f5es favor solicitar or\u00e7amento)<\/p>\n<p class=\"fichaTitulo\"><a href=\"https:\/\/baruerieventos.com.br\/site\/wp-content\/uploads\/2017\/06\/Slide1-1.jpg\"><img loading=\"lazy\" decoding=\"async\" class=\"wp-image-3059 aligncenter\" src=\"https:\/\/baruerieventos.com.br\/site\/wp-content\/uploads\/2017\/06\/Slide1-1.jpg\" alt=\"\" width=\"703\" height=\"396\" \/><\/a><\/p>\n\n<div><\/div>\n","protected":false},"excerpt":{"rendered":"<p>Pacotes para diferentes tipos de evento (para outras solu\u00e7\u00f5es favor solicitar or\u00e7amento)<\/p>\n","protected":false},"author":1,"featured_media":3061,"parent":0,"menu_order":0,"comment_status":"closed","ping_status":"closed","template":"","meta":{"footnotes":""},"class_list":["post-3057","page","type-page","status-publish","has-post-thumbnail","hentry"],"_links":{"self":[{"href":"https:\/\/baruerieventos.com.br\/site\/wp-json\/wp\/v2\/pages\/3057","targetHints":{"allow":["GET"]}}],"collection":[{"href":"https:\/\/baruerieventos.com.br\/site\/wp-json\/wp\/v2\/pages"}],"about":[{"href":"https:\/\/baruerieventos.com.br\/site\/wp-json\/wp\/v2\/types\/page"}],"author":[{"embeddable":true,"href":"https:\/\/baruerieventos.com.br\/site\/wp-json\/wp\/v2\/users\/1"}],"replies":[{"embeddable":true,"href":"https:\/\/baruerieventos.com.br\/site\/wp-json\/wp\/v2\/comments?post=3057"}],"version-history":[{"count":0,"href":"https:\/\/baruerieventos.com.br\/site\/wp-json\/wp\/v2\/pages\/3057\/revisions"}],"wp:featuredmedia":[{"embeddable":true,"href":"https:\/\/baruerieventos.com.br\/site\/wp-json\/"}],"wp:attachment":[{"href":"https:\/\/baruerieventos.com.br\/site\/wp-json\/wp\/v2\/media?parent=3057"}],"curies":[{"name":"wp","href":"https:\/\/api.w.org\/{rel}","templated":true}]}}