{"id":405,"date":"2015-09-19T20:03:10","date_gmt":"2015-09-19T20:03:10","guid":{"rendered":"http:\/\/baruerieventos.com.br\/site\/?page_id=405"},"modified":"2015-09-19T20:03:10","modified_gmt":"2015-09-19T20:03:10","slug":"fatec","status":"publish","type":"page","link":"https:\/\/baruerieventos.com.br\/site\/fatec\/","title":{"rendered":"Fatec Barueri"},"content":{"rendered":"<p><!-- Event header --><\/p>\n<div id=\"tribe-events-header\" data-title=\"Pr\u00f3ximos Eventos | 7\u00aa Semana Cultural e Tecnol\u00f3gica | Barueri Eventos\">\n<p><!-- Navigation --><\/p>\n<h3 class=\"tribe-events-visuallyhidden\"><img loading=\"lazy\" decoding=\"async\" class=\"attachment-full wp-post-image\" src=\"https:\/\/baruerieventos.com.br\/site\/wp-content\/uploads\/2015\/09\/11885287_471253739713199_8915714189692261327_n.jpg\" alt=\"11885287_471253739713199_8915714189692261327_n\" width=\"580\" height=\"241\" \/><\/h3>\n<\/div>\n<p>A semana \u00e9 dedicada a palestras, mini-cursos, debates, apresenta\u00e7\u00e3o de trabalhos de alunos, entre outras atividades relevantes para a vida acad\u00eamica do aluno.<br \/>\n<!--more--><\/p>\n<div id=\"post-349\" class=\"post-349 tribe_events type-tribe_events status-publish has-post-thumbnail tag-fatec tag-fatec-barueri tag-semana-cultural-e-tecnologica tribe_events_cat-academicos tribe_events_cat-palestras tribe_events_cat-seminarios-e-congressos cat_academicos cat_palestras cat_seminarios-e-congressos\">\n<p><!-- Event content --><\/p>\n<p>A Fatec Barueri promove anualmente a Semana da Tecnologia, nela os alunos t\u00eam a oportunidade de refletir e dialogar sobre determinado tema, sempre escolhido de maneira a promover um maior entendimento da atualidade na \u00e1rea onde os futuros tecn\u00f3logos ir\u00e3o atuar. A semana \u00e9 dedicada a palestras, mini-cursos, debates, apresenta\u00e7\u00e3o de trabalhos de alunos, entre outras atividades relevantes para a vida acad\u00eamica do aluno.<\/p>\n<p><strong>Em breve divulga\u00e7\u00e3o da programa\u00e7\u00e3o.<\/strong><\/p>\n<\/div>\n<p><!-- .tribe-events-single-event-description --><\/p>\n<div class=\"tribe-events-cal-links\">In\u00edcio: Outubro 19 @ 08:00 &#8211;\u00a0Final: Outubro 21 @ 22:00<\/div>\n<div class=\"tribe-events-single-section tribe-events-event-meta primary tribe-clearfix\">\n<div class=\"tribe-events-meta-group tribe-events-meta-group-details\">\n<dl>\n<dt><a href=\"https:\/\/baruerieventos.com.br\/site\/?tribe_events=7a-semana-cultural-e-tecnologica\">Veja todos os detalhes\u00a0<\/a><\/dt>\n<\/dl>\n<\/div>\n<\/div>\n","protected":false},"excerpt":{"rendered":"<p>A semana \u00e9 dedicada a palestras, mini-cursos, debates, apresenta\u00e7\u00e3o de trabalhos de alunos, entre outras atividades relevantes para a vida acad\u00eamica do aluno.<\/p>\n","protected":false},"author":1,"featured_media":0,"parent":0,"menu_order":0,"comment_status":"closed","ping_status":"open","template":"","meta":{"footnotes":""},"class_list":["post-405","page","type-page","status-publish","hentry"],"_links":{"self":[{"href":"https:\/\/baruerieventos.com.br\/site\/wp-json\/wp\/v2\/pages\/405","targetHints":{"allow":["GET"]}}],"collection":[{"href":"https:\/\/baruerieventos.com.br\/site\/wp-json\/wp\/v2\/pages"}],"about":[{"href":"https:\/\/baruerieventos.com.br\/site\/wp-json\/wp\/v2\/types\/page"}],"author":[{"embeddable":true,"href":"https:\/\/baruerieventos.com.br\/site\/wp-json\/wp\/v2\/users\/1"}],"replies":[{"embeddable":true,"href":"https:\/\/baruerieventos.com.br\/site\/wp-json\/wp\/v2\/comments?post=405"}],"version-history":[{"count":0,"href":"https:\/\/baruerieventos.com.br\/site\/wp-json\/wp\/v2\/pages\/405\/revisions"}],"wp:attachment":[{"href":"https:\/\/baruerieventos.com.br\/site\/wp-json\/wp\/v2\/media?parent=405"}],"curies":[{"name":"wp","href":"https:\/\/api.w.org\/{rel}","templated":true}]}}