{"id":417,"date":"2015-09-19T20:32:15","date_gmt":"2015-09-19T23:32:15","guid":{"rendered":"http:\/\/baruerieventos.com.br\/site\/?page_id=417"},"modified":"2015-09-19T20:32:15","modified_gmt":"2015-09-19T23:32:15","slug":"2a-feira-do-emprego","status":"publish","type":"page","link":"https:\/\/baruerieventos.com.br\/site\/2a-feira-do-emprego\/","title":{"rendered":"2\u00aa Feira do Emprego"},"content":{"rendered":"<h2 class=\"tribe-events-single-event-title summary entry-title\"><img loading=\"lazy\" decoding=\"async\" class=\"size-full wp-image-421 aligncenter\" src=\"https:\/\/baruerieventos.com.br\/site\/wp-content\/uploads\/2015\/09\/logfeira.jpg\" alt=\"logfeira\" width=\"215\" height=\"178\" \/><\/p>\n<p>Fa\u00e7a sua inscri\u00e7\u00e3o<\/h2>\n<h2 class=\"tribe-events-single-event-title summary entry-title\"><span class=\"date-start dtstart\">setembro 22 @ 09:00<\/span> &#8211; <span class=\"date-end dtend\">setembro 23 @ 16:00<\/span><\/h2>\n<p><!--more--><\/p>\n<p>Destinada ao p\u00fablico desempregado, estudantes ou profissionais que desejem uma melhor coloca\u00e7\u00e3o no mercado de trabalho, a feira contar\u00e1 com uma estrutura composta por 30 empresas, entre ag\u00eancias de recursos humanos, empresas de grande porte, entidades e empreendedorismo, que disponibilizar\u00e3o aproximadamente mil vagas.<\/p>\n<p>No evento estar\u00e3o presentes diversas empresas e ag\u00eancias de RH, ser\u00e3o oferecidas palestras e op\u00e7\u00f5es de cursos.<\/p>\n<p>Os candidatos a vagas necessitam fazer uma pr\u00e9via inscri\u00e7\u00e3o atrav\u00e9s do endere\u00e7o: \u00a0<a href=\"https:\/\/www.barueri.sp.gov.br\/feiradoemprego\/LoginCandidato.aspx?ReturnUrl=%2ffeiradoemprego%2fCandidato.aspx\" target=\"_blank\">https:\/\/www.barueri.sp.gov.br\/feiradoemprego\/LoginCandidato.aspx?ReturnUrl=%2ffeiradoemprego%2fCandidato.aspx<\/a><\/p>\n<p><strong><a href=\"https:\/\/baruerieventos.com.br\/site\/?tribe_events=2a-feira-do-emprego\">Veja mais detalhes\u00a0<\/a><\/strong><\/p>\n","protected":false},"excerpt":{"rendered":"<p>Fa\u00e7a sua inscri\u00e7\u00e3o setembro 22 @ 09:00 &#8211; setembro 23 @ 16:00<\/p>\n","protected":false},"author":1,"featured_media":0,"parent":0,"menu_order":0,"comment_status":"closed","ping_status":"closed","template":"","meta":{"footnotes":""},"class_list":["post-417","page","type-page","status-publish","hentry"],"_links":{"self":[{"href":"https:\/\/baruerieventos.com.br\/site\/wp-json\/wp\/v2\/pages\/417","targetHints":{"allow":["GET"]}}],"collection":[{"href":"https:\/\/baruerieventos.com.br\/site\/wp-json\/wp\/v2\/pages"}],"about":[{"href":"https:\/\/baruerieventos.com.br\/site\/wp-json\/wp\/v2\/types\/page"}],"author":[{"embeddable":true,"href":"https:\/\/baruerieventos.com.br\/site\/wp-json\/wp\/v2\/users\/1"}],"replies":[{"embeddable":true,"href":"https:\/\/baruerieventos.com.br\/site\/wp-json\/wp\/v2\/comments?post=417"}],"version-history":[{"count":0,"href":"https:\/\/baruerieventos.com.br\/site\/wp-json\/wp\/v2\/pages\/417\/revisions"}],"wp:attachment":[{"href":"https:\/\/baruerieventos.com.br\/site\/wp-json\/wp\/v2\/media?parent=417"}],"curies":[{"name":"wp","href":"https:\/\/api.w.org\/{rel}","templated":true}]}}