{"id":440,"date":"2015-09-24T15:21:36","date_gmt":"2015-09-24T18:21:36","guid":{"rendered":"http:\/\/baruerieventos.com.br\/site\/?page_id=440"},"modified":"2015-09-24T15:21:36","modified_gmt":"2015-09-24T18:21:36","slug":"440-2","status":"publish","type":"page","link":"https:\/\/baruerieventos.com.br\/site\/440-2\/","title":{"rendered":"Dia de Ler Todo dia! &#8211; 01 de Outubro"},"content":{"rendered":"<h2 class=\"tribe-events-single-event-title summary entry-title\"><img loading=\"lazy\" decoding=\"async\" class=\" wp-image-243 aligncenter\" src=\"https:\/\/baruerieventos.com.br\/site\/wp-content\/uploads\/2015\/09\/DIA-DE-LER-Pequeno-300x90.jpg\" alt=\"DIA DE LER - Pequeno\" width=\"220\" height=\"66\" \/><\/h2>\n<h2 class=\"tribe-events-single-event-title summary entry-title\">\u00a0Dia de Ler.TodoDia \u2013 Mobiliza\u00e7\u00e3o Nacional pela Leitura<\/h2>\n<div class=\"tribe-events-schedule updated published tribe-clearfix\">\n<h3>O Gin\u00e1sio Esportivo Jos\u00e9 Correia ser\u00e1 o QG da mobiliza\u00e7\u00e3o.<\/h3>\n<p>211 cidades j\u00e1 est\u00e3o inscritas.(www.diadelertododia.com)<\/p>\n<p>A mobiliza\u00e7\u00e3o dever\u00e1 se tornar o maior evento de participa\u00e7\u00e3o popular em um s\u00f3 dia j\u00e1 realizado no Brasil.<\/p>\n<\/div>\n<div id=\"post-242\" class=\"post-242 tribe_events type-tribe_events status-publish has-post-thumbnail tag-dia-de-ler tag-dia-de-ler-todo-dia tag-leitura tag-literatura tribe_events_cat-arte tribe_events_cat-culturais cat_arte cat_culturais\">\n<div class=\"tribe-events-event-image\"><\/div>\n<div class=\"tribe-events-single-event-description tribe-events-content entry-content description\">\n<p>Mobiliza\u00e7\u00e3o Nacional pela Leitura<\/p>\n<p>Acontece 01 de Outubro, entre 09 e 21 horas.<\/p>\n<p>O Whatsapp do Dia de Ler. Todo dia \u2013 Barueri \u00a0(11) 98559-2392<\/p>\n<p>&nbsp;<\/p>\n<p>O Evento ocorrer\u00e1 em diversas partes da cidade de Barueri, com diversas a\u00e7\u00f5es.<\/p>\n<p>Voc\u00ea \u00a0pode participar, e s\u00f3 reunir seu amigos do trabalho, da escola, do \u00f4nibus, no Trem, na Fila do Banco,ou qualquer outro lugar e mande um v\u00eddeo ou foto , onde seja poss\u00edvel identificar o numero de participantes e envie para o\u00a0 Whatsapp do Dia de Ler. Todo dia \u2013 Barueri \u2013 (11) 98559-2392.<\/p>\n<p>&nbsp;<\/p>\n<\/div>\n<div class=\"tribe-events-cal-links\"><strong>Detalhes<\/strong><\/div>\n<div class=\"tribe-events-single-section tribe-events-event-meta primary tribe-clearfix\">\n<div class=\"tribe-events-meta-group tribe-events-meta-group-details\">\n<dl>\n<dt>Data: \u00a0outubro 1<\/dt>\n<dt>Hora:\u00a009:00 &#8211; 21:00<\/dt>\n<dt>Pre\u00e7o:\u00a0Livre<\/dt>\n<dt>Evento Categories:\u00a0<a href=\"https:\/\/baruerieventos.com.br\/site\/?tribe_events_cat=arte\" rel=\"tag\">Arte<\/a>, <a href=\"https:\/\/baruerieventos.com.br\/site\/?tribe_events_cat=culturais\" rel=\"tag\">Culturais<\/a><\/dt>\n<dt>Evento Tags:\u00a0<a href=\"https:\/\/baruerieventos.com.br\/site\/?tag=dia-de-ler\" rel=\"tag\">dia de ler<\/a>, <a href=\"https:\/\/baruerieventos.com.br\/site\/?tag=dia-de-ler-todo-dia\" rel=\"tag\">Dia de Ler Todo dia<\/a>, <a href=\"https:\/\/baruerieventos.com.br\/site\/?tag=leitura\" rel=\"tag\">Leitura<\/a>,<a href=\"https:\/\/baruerieventos.com.br\/site\/?tag=literatura\" rel=\"tag\">Literatura<\/a><\/dt>\n<\/dl>\n<\/div>\n<div class=\"tribe-events-meta-group tribe-events-meta-group-organizer\">\n<h3 class=\"tribe-events-single-section-title\">Organizador<\/h3>\n<dl>\n<dd class=\"fn org\">Cultura de Barueri \u00a0 \u00a0Telefone:\u00a04199-1600<\/dd>\n<\/dl>\n<\/div>\n<\/div>\n<div class=\"tribe-events-single-section tribe-events-event-meta secondary tribe-clearfix\">\n<div class=\"tribe-events-meta-group tribe-events-meta-group-venue\">\n<h3 class=\"tribe-events-single-section-title\">Local<\/h3>\n<dl>\n<dd class=\"author fn org\">Gin\u00e1sio Jos\u00e9 Correa &#8211;\u00a0<span class=\"street-address\">Av. Guilherme Perereca Guglielmo, 1000 &#8211; Centro-<\/span><span class=\"adr\"><span class=\"locality\">Barueri<\/span><span class=\"delimiter\">,<\/span> <abbr class=\"region tribe-events-abbr\" title=\"S\u00e3o Paulo\">S\u00e3o Paulo<\/abbr> <span class=\"postal-code\">06401-145<\/span><\/span><\/dd>\n<dt>Website:\u00a0<a href=\"http:\/\/www.barueri.sp.gov.br\/\" target=\"self\">www.barueri.sp.gov.br<\/a><\/dt>\n<\/dl>\n<\/div>\n<\/div>\n<\/div>\n<p><!--more--><\/p>\n<p><!--more--><\/p>\n<p><!--more--><\/p>\n","protected":false},"excerpt":{"rendered":"<p>\u00a0Dia de Ler.TodoDia \u2013 Mobiliza\u00e7\u00e3o Nacional pela Leitura O Gin\u00e1sio Esportivo Jos\u00e9 Correia ser\u00e1 o QG da mobiliza\u00e7\u00e3o. 211 cidades j\u00e1 est\u00e3o inscritas.(www.diadelertododia.com) A mobiliza\u00e7\u00e3o dever\u00e1 se tornar o maior [&hellip;]<\/p>\n","protected":false},"author":1,"featured_media":0,"parent":0,"menu_order":0,"comment_status":"closed","ping_status":"closed","template":"","meta":{"footnotes":""},"class_list":["post-440","page","type-page","status-publish","hentry"],"_links":{"self":[{"href":"https:\/\/baruerieventos.com.br\/site\/wp-json\/wp\/v2\/pages\/440","targetHints":{"allow":["GET"]}}],"collection":[{"href":"https:\/\/baruerieventos.com.br\/site\/wp-json\/wp\/v2\/pages"}],"about":[{"href":"https:\/\/baruerieventos.com.br\/site\/wp-json\/wp\/v2\/types\/page"}],"author":[{"embeddable":true,"href":"https:\/\/baruerieventos.com.br\/site\/wp-json\/wp\/v2\/users\/1"}],"replies":[{"embeddable":true,"href":"https:\/\/baruerieventos.com.br\/site\/wp-json\/wp\/v2\/comments?post=440"}],"version-history":[{"count":0,"href":"https:\/\/baruerieventos.com.br\/site\/wp-json\/wp\/v2\/pages\/440\/revisions"}],"wp:attachment":[{"href":"https:\/\/baruerieventos.com.br\/site\/wp-json\/wp\/v2\/media?parent=440"}],"curies":[{"name":"wp","href":"https:\/\/api.w.org\/{rel}","templated":true}]}}