{"id":523,"date":"2015-10-03T17:20:00","date_gmt":"2015-10-03T20:20:00","guid":{"rendered":"http:\/\/baruerieventos.com.br\/site\/?page_id=523"},"modified":"2015-10-03T17:20:00","modified_gmt":"2015-10-03T20:20:00","slug":"eventos-do-dia","status":"publish","type":"page","link":"https:\/\/baruerieventos.com.br\/site\/eventos-do-dia\/","title":{"rendered":"Eventos do dia"},"content":{"rendered":"<article id=\"post-0\" class=\"post-0 page type-page status-draft hentry\">\n<div class=\"entry-container\">\n<div class=\"entry-content\">\n<div id=\"tribe-events\" class=\"tribe-no-js\" data-live_ajax=\"0\" data-datepicker_format=\"4\" data-category=\"\">\n<div id=\"tribe-events-content\" class=\"tribe-events-list tribe-events-day\">\n<div class=\"tribe-events-day-time-slot\">\n<div id=\"post-326\" class=\"hentry vevent type-tribe_events post-326 tribe-clearfix tribe-events-category-arte tribe-events-category-culturais tribe-events-venue-72 tribe-events-organizer-103\">\n<div class=\"tribe-events-event-meta vcard location\">\n<div class=\"tribe-events-venue-details\">\n<p><span class=\"author fn org\"><a class=\"url\" title=\"Mostra 93 anos da Semana de Arte Moderna\" href=\"https:\/\/baruerieventos.com.br\/site\/?tribe_events=mostra-93-anos-da-semana-de-arte-moderna\" rel=\"bookmark\">Mostra 93 anos da Semana de Arte Moderna<\/a>\u00a0\u00a0<span class=\"date-start dtstart\">setembro 10 @ 08:00<\/span> &#8211; <span class=\"date-end dtend\">outubro 31 @ 18:00<\/span><\/span><\/p>\n<p><span class=\"author fn org\">Teatro Municipal de Barueri<\/span>,<\/p>\n<address class=\"tribe-events-address\"><span class=\"street-address\">Rua Ministro Raphael de Barros Monteiro, 255<\/span><br \/>\n<span class=\"locality\">Barueri<\/span><span class=\"delimiter\">,<\/span><abbr class=\"region tribe-events-abbr\" title=\"S\u00e3o Paulo\">S\u00e3o Paulo<\/abbr><span class=\"postal-code\">06410080<\/span><span class=\"country-name\">Brazil<\/span><\/address>\n<p><a class=\"tribe-events-gmap\" title=\"Clique para o Google Maps\" href=\"http:\/\/maps.google.com\/maps?f=q&amp;source=s_q&amp;hl=en&amp;geocode=&amp;q=Rua+Ministro+Raphael+de+Barros+Monteiro%2C+255+Barueri+S%C3%A3o+Paulo+06410080+Brazil\" target=\"_blank\">+ Google Map<\/a><\/p>\n<\/div>\n<p><!-- .tribe-events-venue-details --><\/p>\n<\/div>\n<p><!-- .tribe-events-event-meta --><\/p>\n<p><!-- Event Image --><\/p>\n<div class=\"tribe-events-event-image\"><a href=\"https:\/\/baruerieventos.com.br\/site\/?tribe_events=mostra-93-anos-da-semana-de-arte-moderna\"><img loading=\"lazy\" decoding=\"async\" class=\"attachment-medium wp-post-image\" src=\"https:\/\/baruerieventos.com.br\/site\/wp-content\/uploads\/2015\/09\/202301-300x200.jpg\" alt=\"202301\" width=\"300\" height=\"200\" \/><\/a><\/div>\n<p><!-- Event Content --><\/p>\n<div class=\"tribe-events-list-event-description tribe-events-content description entry-summary\">Est\u00e1 em cartaz na Galeria de Artes, que fica no Teatro Municipal de Barueri, a mostra \u201cSemana de Arte Moderna \u2013 93 anos\u201d. A exposi\u00e7\u00e3o ficar\u00e1 em cartaz at\u00e9 31 de outubro, podendo ser visitada de ter\u00e7a a s\u00e1bado, das 9h \u00e0s 18h. O acesso \u00e9 gratuito. A Semana de Arte Moderna foi um marco ..<a class=\"tribe-events-read-more\" href=\"https:\/\/baruerieventos.com.br\/site\/?tribe_events=mostra-93-anos-da-semana-de-arte-moderna\" rel=\"bookmark\">Leia mais \u00bb<\/a><\/div>\n<p><!-- .tribe-events-list-event-description --><\/p>\n<\/div>\n<p><!-- .hentry .vevent --><\/p>\n<p><!-- Event --><\/p>\n<div id=\"post-282\" class=\"hentry vevent type-tribe_events post-282 tribe-clearfix tribe-events-category-arte tribe-events-category-culturais tribe-events-venue-66 tribe-events-organizer-103\">\n<p><!-- Event Cost --><\/p>\n<div class=\"tribe-events-event-cost\"><\/div>\n<p><!-- Event Title --><\/p>\n<p><a class=\"url\" title=\"Exposi\u00e7\u00e3o Alphaville\" href=\"https:\/\/baruerieventos.com.br\/site\/?tribe_events=aniversario-de-alphaville\" rel=\"bookmark\"> Exposi\u00e7\u00e3o Alphaville<\/a>\u00a0\u00a0<span class=\"date-start dtstart\">setembro 14 @ 09:00<\/span> &#8211; <span class=\"date-end dtend\">outubro 4 B@E 20:00<\/span><\/p>\n<div class=\"tribe-events-event-meta vcard location\">\n<h6><!-- Venue Display Info --><\/h6>\n<div class=\"tribe-events-venue-details\">\n<h6><span class=\"author fn org\">Museu Municipal de Barueri<\/span>,<\/h6>\n<address class=\"tribe-events-address\"><span class=\"street-address\">Av. Henriqueta Gon\u00e7alves Batista,359 &#8211; Jardim Belval<\/span><br \/>\n<span class=\"locality\">Barueri<\/span><span class=\"delimiter\">,<\/span><abbr class=\"region tribe-events-abbr\" title=\"S\u00e3o Paulo\">S\u00e3o Paulo<\/abbr><span class=\"postal-code\">06420-130<\/span><span class=\"country-name\">Brazil<\/span><\/address>\n<p><a class=\"tribe-events-gmap\" title=\"Clique para o Google Maps\" href=\"http:\/\/maps.google.com\/maps?f=q&amp;source=s_q&amp;hl=en&amp;geocode=&amp;q=Av.+Henriqueta+Gon%C3%A7alves+Batista%2C359+-+Jardim+Belval+Barueri+S%C3%A3o+Paulo+06420-130+Brazil\" target=\"_blank\">+ Google Map<\/a><\/p>\n<\/div>\n<p><!-- .tribe-events-venue-details --><\/p>\n<\/div>\n<p><!-- .tribe-events-event-meta --><\/p>\n<p><!-- Event Image --><\/p>\n<div class=\"tribe-events-event-image\"><a href=\"https:\/\/baruerieventos.com.br\/site\/?tribe_events=aniversario-de-alphaville\"><img loading=\"lazy\" decoding=\"async\" class=\"attachment-medium wp-post-image\" src=\"https:\/\/baruerieventos.com.br\/site\/wp-content\/uploads\/2015\/09\/foto-300x224.jpg\" alt=\"foto\" width=\"300\" height=\"224\" \/><\/a><\/div>\n<p><!-- Event Content --><\/p>\n<div class=\"tribe-events-list-event-description tribe-events-content description entry-summary\">Fotos e informa\u00e7\u00f5es sobre o desenvolvimento do bairro que comemora anivers\u00e1rio em Setembro.(21de Setembro) Per\u00edodo de 14\/09 a 4\/10. Visita\u00e7\u00e3o de Ter\u00e7a a Sexta, das 9h \u00e0s 20h. S\u00e1bados , domingos e feriados , das 9h \u00e0s 14h. Entrada Livre N\u00e3o Abre as Segundas-Feiras. <a class=\"tribe-events-read-more\" href=\"https:\/\/baruerieventos.com.br\/site\/?tribe_events=aniversario-de-alphaville\" rel=\"bookmark\">Leia mais \u00bb<\/a><\/div>\n<p><!-- .tribe-events-list-event-description --><\/p>\n<\/div>\n<p><!-- .hentry .vevent --><\/p>\n<\/div>\n<p><!-- .tribe-events-day-time-slot --><\/p>\n<div class=\"tribe-events-day-time-slot\"><\/div>\n<p><!-- Previous Page Navigation --><\/p>\n<ul class=\"tribe-events-sub-nav\">\n<ul class=\"tribe-events-sub-nav\">\n<li class=\"tribe-events-nav-previous\"><a href=\"https:\/\/baruerieventos.com.br\/site?post_type=tribe_events&#038;eventDisplay=day&#038;eventDate=2015-10-02\" rel=\"prev\" data-day=\"2015-10-02\">\u00ab Dia anterior<\/a>\u00a0 \u00a0 \u00a0 \u00a0 \u00a0 \u00a0 \u00a0 \u00a0 \u00a0 \u00a0 \u00a0 \u00a0 \u00a0 \u00a0 \u00a0 \u00a0 \u00a0 \u00a0 \u00a0 \u00a0 \u00a0 \u00a0 \u00a0 \u00a0 \u00a0 \u00a0 \u00a0 \u00a0 \u00a0 \u00a0 \u00a0 \u00a0 \u00a0 \u00a0 \u00a0 \u00a0 \u00a0 \u00a0 \u00a0 \u00a0 \u00a0 \u00a0 \u00a0 \u00a0 \u00a0 \u00a0 \u00a0 \u00a0 \u00a0 \u00a0 \u00a0 \u00a0 \u00a0\u00a0<a href=\"https:\/\/baruerieventos.com.br\/site?post_type=tribe_events&#038;eventDisplay=day&#038;eventDate=2015-10-04\" rel=\"prev\" data-day=\"2015-10-04\">Pr\u00f3ximo Dia \u00bb<\/a><\/li>\n<\/ul>\n<\/ul>\n<p><!-- Next Page Navigation --><\/p>\n<h6><a class=\"post-edit-link\" href=\"https:\/\/baruerieventos.com.br\/site\/wp-admin\/post.php?post=341&#038;action=edit\">Editar<\/a><\/h6>\n<\/div>\n<\/div>\n<\/div>\n<\/div>\n<\/article>\n","protected":false},"excerpt":{"rendered":"<p>Mostra 93 anos da Semana de Arte Moderna\u00a0\u00a0setembro 10 @ 08:00 &#8211; outubro 31 @ 18:00 Teatro Municipal de Barueri, Rua Ministro Raphael de Barros Monteiro, 255 Barueri,S\u00e3o Paulo06410080Brazil + [&hellip;]<\/p>\n","protected":false},"author":1,"featured_media":0,"parent":0,"menu_order":0,"comment_status":"closed","ping_status":"closed","template":"","meta":{"footnotes":""},"class_list":["post-523","page","type-page","status-publish","hentry"],"_links":{"self":[{"href":"https:\/\/baruerieventos.com.br\/site\/wp-json\/wp\/v2\/pages\/523","targetHints":{"allow":["GET"]}}],"collection":[{"href":"https:\/\/baruerieventos.com.br\/site\/wp-json\/wp\/v2\/pages"}],"about":[{"href":"https:\/\/baruerieventos.com.br\/site\/wp-json\/wp\/v2\/types\/page"}],"author":[{"embeddable":true,"href":"https:\/\/baruerieventos.com.br\/site\/wp-json\/wp\/v2\/users\/1"}],"replies":[{"embeddable":true,"href":"https:\/\/baruerieventos.com.br\/site\/wp-json\/wp\/v2\/comments?post=523"}],"version-history":[{"count":0,"href":"https:\/\/baruerieventos.com.br\/site\/wp-json\/wp\/v2\/pages\/523\/revisions"}],"wp:attachment":[{"href":"https:\/\/baruerieventos.com.br\/site\/wp-json\/wp\/v2\/media?parent=523"}],"curies":[{"name":"wp","href":"https:\/\/api.w.org\/{rel}","templated":true}]}}