{"id":5435,"date":"2019-01-15T18:22:37","date_gmt":"2019-01-15T20:22:37","guid":{"rendered":"http:\/\/baruerieventos.com.br\/site\/?page_id=5435"},"modified":"2019-01-15T18:22:37","modified_gmt":"2019-01-15T20:22:37","slug":"lista-whatsapp","status":"publish","type":"page","link":"https:\/\/baruerieventos.com.br\/site\/lista-whatsapp\/","title":{"rendered":"WhatsApp BE"},"content":{"rendered":"\n<p>Receba informa\u00e7\u00f5es sobre os eventos que acontecem na cidade de Barueri e regi\u00e3o em seu celular.<\/p>\n\n\n\n<p>Basta seguir estes&nbsp;<strong>3<\/strong>&nbsp;passos:<\/p>\n\n\n\n<ol class=\"wp-block-list\">\n<li>&nbsp;Tenha o aplicativo WhatsApp instalado em seu celular<\/li>\n\n\n\n<li>\u00a0Nos envie os dados:  Nome, Cidade\/Estado. <\/li>\n\n\n\n<li>\u00a0Envei seu dados e voc\u00ea receber\u00e1 a confirma\u00e7\u00e3o e passar\u00e1 atrav\u00e9s das listas do whatsapp a ser informado sobre os eventos cadastrados em nossa plataforma.<\/li>\n\n\n\n<li>Sugerimos que salve em sua agenda o contato de Barueri Eventos, para sua melhor localiza\u00e7\u00e3o, nossos informativos s\u00e3o enviados semanalmente.<\/li>\n<\/ol>\n\n\n\n<p><strong><a href=\"https:\/\/wa.me\/551142690715\">Chamar nos Whatsapp e enviar dados <\/a><\/strong><\/p>\n\n\n\n<p class=\"has-very-light-gray-color has-vivid-cyan-blue-background-color has-text-color has-background\"><\/p>\n","protected":false},"excerpt":{"rendered":"<p>Receba informa\u00e7\u00f5es sobre os eventos que acontecem na cidade de Barueri e regi\u00e3o em seu celular. Basta seguir estes&nbsp;3&nbsp;passos: Chamar nos Whatsapp e enviar dados<\/p>\n","protected":false},"author":2,"featured_media":0,"parent":0,"menu_order":0,"comment_status":"closed","ping_status":"closed","template":"","meta":{"footnotes":""},"class_list":["post-5435","page","type-page","status-publish","hentry"],"_links":{"self":[{"href":"https:\/\/baruerieventos.com.br\/site\/wp-json\/wp\/v2\/pages\/5435","targetHints":{"allow":["GET"]}}],"collection":[{"href":"https:\/\/baruerieventos.com.br\/site\/wp-json\/wp\/v2\/pages"}],"about":[{"href":"https:\/\/baruerieventos.com.br\/site\/wp-json\/wp\/v2\/types\/page"}],"author":[{"embeddable":true,"href":"https:\/\/baruerieventos.com.br\/site\/wp-json\/wp\/v2\/users\/2"}],"replies":[{"embeddable":true,"href":"https:\/\/baruerieventos.com.br\/site\/wp-json\/wp\/v2\/comments?post=5435"}],"version-history":[{"count":0,"href":"https:\/\/baruerieventos.com.br\/site\/wp-json\/wp\/v2\/pages\/5435\/revisions"}],"wp:attachment":[{"href":"https:\/\/baruerieventos.com.br\/site\/wp-json\/wp\/v2\/media?parent=5435"}],"curies":[{"name":"wp","href":"https:\/\/api.w.org\/{rel}","templated":true}]}}