{"id":555,"date":"2015-10-03T17:59:33","date_gmt":"2015-10-03T20:59:33","guid":{"rendered":"http:\/\/baruerieventos.com.br\/site\/?page_id=555"},"modified":"2015-10-03T17:59:33","modified_gmt":"2015-10-03T20:59:33","slug":"eventos-diarios","status":"publish","type":"page","link":"https:\/\/baruerieventos.com.br\/site\/eventos-diarios\/","title":{"rendered":"Eventos diarios"},"content":{"rendered":"<div id=\"tribe-events-header\" data-title=\"Eventos de outubro 3, 2015 | Eventos | Barueri Eventos\" data-startofweek=\"1\" data-view=\"day\" data-baseurl=\"https:\/\/www.baruerieventos.com.br\/site?post_type=tribe_events&amp;eventDisplay=day&amp;eventDate=2015-10-0300:00:01\" data-date=\"2015-10-03\" data-header=\"October 3, 2015\">\n<ul class=\"tribe-events-sub-nav\">\n<li class=\"tribe-events-nav-previous\"><a href=\"https:\/\/baruerieventos.com.br\/site?post_type=tribe_events&#038;eventDisplay=day&#038;eventDate=2015-10-02\" rel=\"prev\" data-day=\"2015-10-02\">\u00ab Dia anterior<\/a><\/li>\n<li class=\"tribe-events-nav-next\"><a href=\"https:\/\/baruerieventos.com.br\/site?post_type=tribe_events&#038;eventDisplay=day&#038;eventDate=2015-10-04\" rel=\"prev\" data-day=\"2015-10-04\">Pr\u00f3ximo Dia \u00bb<\/a><\/li>\n<\/ul>\n<\/div>\n<div class=\"tribe-events-loop hfeed vcalendar\">\n<div class=\"tribe-events-day-time-slot\"><\/div>\n<div class=\"tribe-events-day-time-slot\">\n<h5>EM ANDAMENTO<\/h5>\n<div id=\"post-326\" class=\"hentry vevent type-tribe_events post-326 tribe-clearfix tribe-events-category-arte tribe-events-category-culturais tribe-events-venue-72 tribe-events-organizer-103\">\n<div class=\"tribe-events-event-cost\">Livre<\/div>\n<h2 class=\"tribe-events-list-event-title summary\"><a class=\"url\" title=\"Mostra  93 anos da Semana de Arte Moderna\" href=\"https:\/\/baruerieventos.com.br\/site\/?tribe_events=mostra-93-anos-da-semana-de-arte-moderna\" rel=\"bookmark\">Mostra 93 anos da Semana de Arte Moderna<\/a><\/h2>\n<div class=\"tribe-events-event-meta  vcard location\">\n<div class=\"updated published time-details\"><span class=\"date-start dtstart\">setembro 10 @ 08:00<\/span> &#8211; <span class=\"date-end dtend\">outubro 31 @ 18:00<\/span><\/div>\n<div class=\"tribe-events-venue-details\"><span class=\"author fn org\">Teatro Municipal de Barueri<\/span>,<\/p>\n<address class=\"tribe-events-address\"><span class=\"adr\"><span class=\"street-address\">Rua Ministro Raphael de Barros Monteiro, 255<\/span><br \/>\n<span class=\"locality\">Barueri<\/span><span class=\"delimiter\">,<\/span> <abbr class=\"region tribe-events-abbr\" title=\"S\u00e3o Paulo\">S\u00e3o Paulo<\/abbr> <span class=\"postal-code\">06410080<\/span> <span class=\"country-name\">Brazil<\/span> <\/span><\/address>\n<p><a class=\"tribe-events-gmap\" title=\"Clique para o Google Maps\" href=\"http:\/\/maps.google.com\/maps?f=q&amp;source=s_q&amp;hl=en&amp;geocode=&amp;q=Rua+Ministro+Raphael+de+Barros+Monteiro%2C+255+Barueri+S%C3%A3o+Paulo+06410080+Brazil\" target=\"_blank\">+ Google Map<\/a><\/div>\n<\/div>\n<div class=\"tribe-events-event-image\"><a href=\"https:\/\/baruerieventos.com.br\/site\/?tribe_events=mostra-93-anos-da-semana-de-arte-moderna\"><img loading=\"lazy\" decoding=\"async\" class=\"attachment-medium wp-post-image\" src=\"https:\/\/baruerieventos.com.br\/site\/wp-content\/uploads\/2015\/09\/202301-300x200.jpg\" alt=\"202301\" width=\"300\" height=\"200\" \/><\/a><\/div>\n<div class=\"tribe-events-list-event-description tribe-events-content description entry-summary\">Est\u00e1 em cartaz na Galeria de Artes, que fica no Teatro Municipal de Barueri, a mostra \u201cSemana de Arte Moderna \u2013 93 anos\u201d. A exposi\u00e7\u00e3o ficar\u00e1 em cartaz at\u00e9 31 de outubro, podendo ser visitada de ter\u00e7a a s\u00e1bado, das 9h \u00e0s 18h. O acesso \u00e9 gratuito. A Semana de Arte Moderna foi um marco <a class=\"more-link\" href=\"https:\/\/baruerieventos.com.br\/site\/?tribe_events=mostra-93-anos-da-semana-de-arte-moderna\">Leia Mais &#8230;<\/a> <a class=\"tribe-events-read-more\" href=\"https:\/\/baruerieventos.com.br\/site\/?tribe_events=mostra-93-anos-da-semana-de-arte-moderna\" rel=\"bookmark\">Leia mais \u00bb<\/a><\/div>\n<\/div>\n<div id=\"post-282\" class=\"hentry vevent type-tribe_events post-282 tribe-clearfix tribe-events-category-arte tribe-events-category-culturais tribe-events-venue-66 tribe-events-organizer-103 tribe-events-last\">\n<div class=\"tribe-events-event-cost\">Livre<\/div>\n<h2 class=\"tribe-events-list-event-title summary\"><a class=\"url\" title=\"Exposi\u00e7\u00e3o Alphaville\" href=\"https:\/\/baruerieventos.com.br\/site\/?tribe_events=aniversario-de-alphaville\" rel=\"bookmark\">Exposi\u00e7\u00e3o Alphaville<\/a><\/h2>\n<div class=\"tribe-events-event-meta  vcard location\">\n<div class=\"updated published time-details\"><span class=\"date-start dtstart\">setembro 14 @ 09:00<\/span> &#8211; <span class=\"date-end dtend\">outubro 4 @ 20:00<\/span><\/div>\n<div class=\"tribe-events-venue-details\"><span class=\"author fn org\">Museu Municipal de Barueri<\/span>,<\/p>\n<address class=\"tribe-events-address\"><span class=\"adr\"><span class=\"street-address\">Av. Henriqueta Gon\u00e7alves Batista,359 &#8211; Jardim Belval<\/span><br \/>\n<span class=\"locality\">Barueri<\/span><span class=\"delimiter\">,<\/span> <abbr class=\"region tribe-events-abbr\" title=\"S\u00e3o Paulo\">S\u00e3o Paulo<\/abbr> <span class=\"postal-code\">06420-130<\/span> <span class=\"country-name\">Brazil<\/span> <\/span><\/address>\n<p><a class=\"tribe-events-gmap\" title=\"Clique para o Google Maps\" href=\"http:\/\/maps.google.com\/maps?f=q&amp;source=s_q&amp;hl=en&amp;geocode=&amp;q=Av.+Henriqueta+Gon%C3%A7alves+Batista%2C359+-+Jardim+Belval+Barueri+S%C3%A3o+Paulo+06420-130+Brazil\" target=\"_blank\">+ Google Map<\/a><\/div>\n<\/div>\n<div class=\"tribe-events-event-image\"><a href=\"https:\/\/baruerieventos.com.br\/site\/?tribe_events=aniversario-de-alphaville\"><img loading=\"lazy\" decoding=\"async\" class=\"attachment-medium wp-post-image\" src=\"https:\/\/baruerieventos.com.br\/site\/wp-content\/uploads\/2015\/09\/foto-300x224.jpg\" alt=\"foto\" width=\"300\" height=\"224\" \/><\/a><\/div>\n<div class=\"tribe-events-list-event-description tribe-events-content description entry-summary\">Fotos e informa\u00e7\u00f5es sobre o desenvolvimento do bairro que comemora anivers\u00e1rio em Setembro.(21de Setembro) Per\u00edodo de 14\/09 a 4\/10. Visita\u00e7\u00e3o de Ter\u00e7a a Sexta, das 9h \u00e0s 20h. S\u00e1bados , domingos e feriados , das 9h \u00e0s 14h. Entrada Livre N\u00e3o Abre as Segundas-Feiras. <a class=\"tribe-events-read-more\" href=\"https:\/\/baruerieventos.com.br\/site\/?tribe_events=aniversario-de-alphaville\" rel=\"bookmark\">Leia mais \u00bb<\/a><\/div>\n<\/div>\n<\/div>\n<div class=\"tribe-events-day-time-slot\">\n<h5>08:30<\/h5>\n<div id=\"post-449\" class=\"hentry vevent type-tribe_events post-449 tribe-clearfix tribe-events-category-civico-municipal tribe-events-category-culturais tribe-events-category-esportivos tribe-events-venue-33 tribe-events-organizer-0 tribe-events-last\">\n<div class=\"tribe-events-event-cost\">Livre<\/div>\n<h2 class=\"tribe-events-list-event-title summary\"><a class=\"url\" title=\"Caminhada do Outubro Rosa\" href=\"https:\/\/baruerieventos.com.br\/site\/?tribe_events=caminhada-do-outubro-rosa\" rel=\"bookmark\">Caminhada do Outubro Rosa<\/a><\/h2>\n<div class=\"tribe-events-event-meta  vcard location\">\n<div class=\"updated published time-details\"><span class=\"date-start dtstart\">outubro 3 @ 08:30<\/span> &#8211; <span class=\"end-time dtend\">11:00<\/span><\/div>\n<div class=\"tribe-events-venue-details\"><span class=\"author fn org\">Gin\u00e1sio Jos\u00e9 Correa<\/span>,<\/p>\n<address class=\"tribe-events-address\"><span class=\"adr\"><span class=\"street-address\">Av. Guilherme Perereca Guglielmo, 1000 &#8211; Centro<\/span><br \/>\n<span class=\"locality\">Barueri<\/span><span class=\"delimiter\">,<\/span> <abbr class=\"region tribe-events-abbr\" title=\"S\u00e3o Paulo\">S\u00e3o Paulo<\/abbr> <span class=\"postal-code\">06401-145<\/span> <\/span><\/address>\n<p><a class=\"tribe-events-gmap\" title=\"Clique para o Google Maps\" href=\"http:\/\/maps.google.com\/maps?f=q&amp;source=s_q&amp;hl=en&amp;geocode=&amp;q=Av.+Guilherme+Perereca+Guglielmo%2C+1000+-+Centro+Barueri+S%C3%A3o+Paulo+06401-145\" target=\"_blank\">+ Google Map<\/a><\/div>\n<\/div>\n<div class=\"tribe-events-event-image\"><a href=\"https:\/\/baruerieventos.com.br\/site\/?tribe_events=caminhada-do-outubro-rosa\"><img loading=\"lazy\" decoding=\"async\" class=\"attachment-medium wp-post-image\" src=\"https:\/\/baruerieventos.com.br\/site\/wp-content\/uploads\/2015\/09\/202561-300x200.jpg\" alt=\"202561\" width=\"300\" height=\"200\" \/><\/a><\/div>\n<div class=\"tribe-events-list-event-description tribe-events-content description entry-summary\">Barueri prepara-se para mais um Outubro Rosa, movimento popular internacionalmente conhecido. O nome remete \u00e0 cor do la\u00e7o rosa que simboliza, mundialmente, a luta contra o c\u00e2ncer de mama, e estimula a participa\u00e7\u00e3o da popula\u00e7\u00e3o, empresas, poder p\u00fablico e entidades.\u00a0Este movimento come\u00e7ou nos Estados Unidos. A cidade prepara uma s\u00e9rie de atividades, coordenadas pela Secretaria <a class=\"more-link\" href=\"https:\/\/baruerieventos.com.br\/site\/?tribe_events=caminhada-do-outubro-rosa\">Leia Mais &#8230;<\/a> <a class=\"tribe-events-read-more\" href=\"https:\/\/baruerieventos.com.br\/site\/?tribe_events=caminhada-do-outubro-rosa\" rel=\"bookmark\">Leia mais \u00bb<\/a><\/div>\n<\/div>\n<\/div>\n<div class=\"tribe-events-day-time-slot\">\n<h5>14:30<\/h5>\n<div id=\"post-341\" class=\"hentry vevent type-tribe_events post-341 tribe-clearfix tribe-events-category-conferencias tribe-events-category-culturais tribe-events-category-religioso tribe-events-venue-344 tribe-events-organizer-343 tribe-events-last\">\n<div class=\"tribe-events-event-cost\">R$00 &#8211; R$20<\/div>\n<h2 class=\"tribe-events-list-event-title summary\"><a class=\"url\" title=\"Confer\u00eancia Simplesmente Como Jesus\" href=\"https:\/\/baruerieventos.com.br\/site\/?tribe_events=conferencia-simplesmente-como-jesus\" rel=\"bookmark\">Confer\u00eancia Simplesmente Como Jesus<\/a><\/h2>\n<div class=\"tribe-events-event-meta  vcard location\">\n<div class=\"updated published time-details\"><span class=\"date-start dtstart\">outubro 3 @ 14:30<\/span> &#8211; <span class=\"end-time dtend\">21:30<\/span><\/div>\n<div class=\"tribe-events-venue-details\"><span class=\"author fn org\">Espa\u00e7o Lugar Certo<\/span>,<\/p>\n<address class=\"tribe-events-address\"><span class=\"adr\"><span class=\"street-address\">Rual Belgrado,443<\/span><br \/>\n<span class=\"locality\">Barueri<\/span><span class=\"delimiter\">,<\/span> <abbr class=\"region tribe-events-abbr\" title=\"S\u00e3o Paulo\">S\u00e3o Paulo<\/abbr> <span class=\"postal-code\">06401-903<\/span> <span class=\"country-name\">Brazil<\/span> <\/span><\/address>\n<p><a class=\"tribe-events-gmap\" title=\"Clique para o Google Maps\" href=\"http:\/\/maps.google.com\/maps?f=q&amp;source=s_q&amp;hl=en&amp;geocode=&amp;q=Rual+Belgrado%2C443+Barueri+S%C3%A3o+Paulo+06401-903+Brazil\" target=\"_blank\">+ Google Map<\/a><\/div>\n<\/div>\n<div class=\"tribe-events-event-image\"><a href=\"https:\/\/baruerieventos.com.br\/site\/?tribe_events=conferencia-simplesmente-como-jesus\"><img loading=\"lazy\" decoding=\"async\" class=\"attachment-medium wp-post-image\" src=\"https:\/\/baruerieventos.com.br\/site\/wp-content\/uploads\/2015\/09\/12015000_892065804216952_6766685460444672910_o-300x182.jpg\" alt=\"12015000_892065804216952_6766685460444672910_o\" width=\"300\" height=\"182\" \/><\/a><\/div>\n<div class=\"tribe-events-list-event-description tribe-events-content description entry-summary\">Lugar Certo \u00e9 um projeto que visa gerar jovens \u201cpensantes\u201d que sejam l\u00edderes onde estiverem, e que seus princ\u00edpios sejam com base na \u201cB\u00edblia Sagrada\u201d Confer\u00eancia Simplesmente Como Jesus, e realizada anualmente e seus objetivos s\u00e3o: 1 \u2013 Intimidade com Deus; 2 \u2013 Renova\u00e7\u00e3o da Mente pela Palavra de Deus; 3 \u2013 Comunh\u00e3o. Ministra\u00e7\u00f5es e <a class=\"more-link\" href=\"https:\/\/baruerieventos.com.br\/site\/?tribe_events=conferencia-simplesmente-como-jesus\">Leia Mais &#8230;<\/a> <a class=\"tribe-events-read-more\" href=\"https:\/\/baruerieventos.com.br\/site\/?tribe_events=conferencia-simplesmente-como-jesus\" rel=\"bookmark\">Leia mais \u00bb<\/a><\/div>\n<\/div>\n<\/div>\n<\/div>\n<div id=\"tribe-events-footer\">\n<h3 class=\"tribe-events-visuallyhidden\">Navega\u00e7\u00e3o por dia<\/h3>\n<ul class=\"tribe-events-sub-nav\">\n<li class=\"tribe-events-nav-previous\"><a href=\"https:\/\/baruerieventos.com.br\/site?post_type=tribe_events&#038;eventDisplay=day&#038;eventDate=2015-10-02\" rel=\"prev\" data-day=\"2015-10-02\">\u00ab Dia anterior<\/a><\/li>\n<li class=\"tribe-events-nav-next\"><a href=\"https:\/\/baruerieventos.com.br\/site?post_type=tribe_events&#038;eventDisplay=day&#038;eventDate=2015-10-04\" rel=\"prev\" data-day=\"2015-10-04\">Pr\u00f3ximo Dia \u00bb<\/a><\/li>\n<\/ul>\n<\/div>\n<p><a class=\"tribe-events-ical tribe-events-button\" title=\"Use isto para compartilhar dados do calend\u00e1rio com o Google Agenda, Apple iCal e outros aplicativos compat\u00edveis\" href=\"https:\/\/baruerieventos.com.br\/site?action=tribe_event_day&#038;eventDate=2015-10-03&#038;post_type=tribe_events&#038;eventDisplay=day&#038;tribe-bar-date=2015-10-03&#038;ical=1&#038;tribe_display=day\">+ EXPORTAR EVENTOS DO DI<\/a><\/p>\n","protected":false},"excerpt":{"rendered":"<p>\u00ab Dia anterior Pr\u00f3ximo Dia \u00bb EM ANDAMENTO Livre Mostra 93 anos da Semana de Arte Moderna setembro 10 @ 08:00 &#8211; outubro 31 @ 18:00 Teatro Municipal de Barueri, [&hellip;]<\/p>\n","protected":false},"author":1,"featured_media":0,"parent":0,"menu_order":0,"comment_status":"closed","ping_status":"closed","template":"","meta":{"footnotes":""},"class_list":["post-555","page","type-page","status-publish","hentry"],"_links":{"self":[{"href":"https:\/\/baruerieventos.com.br\/site\/wp-json\/wp\/v2\/pages\/555","targetHints":{"allow":["GET"]}}],"collection":[{"href":"https:\/\/baruerieventos.com.br\/site\/wp-json\/wp\/v2\/pages"}],"about":[{"href":"https:\/\/baruerieventos.com.br\/site\/wp-json\/wp\/v2\/types\/page"}],"author":[{"embeddable":true,"href":"https:\/\/baruerieventos.com.br\/site\/wp-json\/wp\/v2\/users\/1"}],"replies":[{"embeddable":true,"href":"https:\/\/baruerieventos.com.br\/site\/wp-json\/wp\/v2\/comments?post=555"}],"version-history":[{"count":0,"href":"https:\/\/baruerieventos.com.br\/site\/wp-json\/wp\/v2\/pages\/555\/revisions"}],"wp:attachment":[{"href":"https:\/\/baruerieventos.com.br\/site\/wp-json\/wp\/v2\/media?parent=555"}],"curies":[{"name":"wp","href":"https:\/\/api.w.org\/{rel}","templated":true}]}}