{"id":74,"date":"2015-03-20T17:13:59","date_gmt":"2015-03-20T17:13:59","guid":{"rendered":"http:\/\/baruerieventos.com.br\/site\/?page_id=74"},"modified":"2015-03-20T17:13:59","modified_gmt":"2015-03-20T17:13:59","slug":"nossos-contatos","status":"publish","type":"page","link":"https:\/\/baruerieventos.com.br\/site\/nossos-contatos\/","title":{"rendered":"Nossos Contatos"},"content":{"rendered":"<p>Obrigado por navegar em nosso site, esperemos que esta experi\u00eancia lhe tenha sido proveitosa.<\/p>\n<p>Estamos aguardando seus coment\u00e1rios, sugest\u00f5es ou criticas.<\/p>\n<p>Entre em contato atrav\u00e9s de nosso email : eventos@baruerieventos.com.br<\/p>\n<p>Ou utilize o formul\u00e1rio abaixo:<\/p>\n<p>[contact-form-7 id=&#8221;7507&#8243; title=&#8221;Geral&#8221;]<\/p>\n","protected":false},"excerpt":{"rendered":"<p>Obrigado por navegar em nosso site, esperemos que esta experi\u00eancia lhe tenha sido proveitosa. Estamos aguardando seus coment\u00e1rios, sugest\u00f5es ou criticas. Entre em contato atrav\u00e9s de nosso email : eventos@baruerieventos.com.br [&hellip;]<\/p>\n","protected":false},"author":2,"featured_media":0,"parent":0,"menu_order":0,"comment_status":"closed","ping_status":"open","template":"","meta":{"footnotes":""},"class_list":["post-74","page","type-page","status-publish","hentry"],"_links":{"self":[{"href":"https:\/\/baruerieventos.com.br\/site\/wp-json\/wp\/v2\/pages\/74","targetHints":{"allow":["GET"]}}],"collection":[{"href":"https:\/\/baruerieventos.com.br\/site\/wp-json\/wp\/v2\/pages"}],"about":[{"href":"https:\/\/baruerieventos.com.br\/site\/wp-json\/wp\/v2\/types\/page"}],"author":[{"embeddable":true,"href":"https:\/\/baruerieventos.com.br\/site\/wp-json\/wp\/v2\/users\/2"}],"replies":[{"embeddable":true,"href":"https:\/\/baruerieventos.com.br\/site\/wp-json\/wp\/v2\/comments?post=74"}],"version-history":[{"count":0,"href":"https:\/\/baruerieventos.com.br\/site\/wp-json\/wp\/v2\/pages\/74\/revisions"}],"wp:attachment":[{"href":"https:\/\/baruerieventos.com.br\/site\/wp-json\/wp\/v2\/media?parent=74"}],"curies":[{"name":"wp","href":"https:\/\/api.w.org\/{rel}","templated":true}]}}