{"id":7565,"date":"2022-11-03T12:37:10","date_gmt":"2022-11-03T15:37:10","guid":{"rendered":"https:\/\/www.baruerieventos.com.br\/site\/?page_id=7565"},"modified":"2022-11-03T12:37:10","modified_gmt":"2022-11-03T15:37:10","slug":"divulgacao","status":"publish","type":"page","link":"https:\/\/baruerieventos.com.br\/site\/divulgacao\/","title":{"rendered":"DIVULGA\u00c7\u00c3O"},"content":{"rendered":"\n<p>Assessoria completa para divulga\u00e7\u00e3o do seu evento.<\/p>\n\n\n\n<ul class=\"wp-block-list\"><li>Assessoria de imprensa<\/li><li>Divulga\u00e7\u00e3o no site e em nossas redes sociais<\/li><li>Divulga\u00e7\u00e3o em Carro de Som<\/li><li>Divulga\u00e7\u00e3o em portais de not\u00edcias da regi\u00e3o.<\/li><\/ul>\n\n\n\n<p><\/p>\n\n\n\n<p>Planejamento de material de m\u00eddia em todos as fases do seu evento:  Pr\u00e9-Evento, Trans-Evento e P\u00f3s Evento.<\/p>\n\n\n\n<p>Consulte-nos. Seu parceiro local para eventos.<\/p>\n\n\n\n<p><\/p>\n\n\n\n<p><\/p>\n\n\n\n<p><\/p>\n","protected":false},"excerpt":{"rendered":"<p>Assessoria completa para divulga\u00e7\u00e3o do seu evento. Assessoria de imprensa Divulga\u00e7\u00e3o no site e em nossas redes sociais Divulga\u00e7\u00e3o em Carro de Som Divulga\u00e7\u00e3o em portais de not\u00edcias da regi\u00e3o. [&hellip;]<\/p>\n","protected":false},"author":1,"featured_media":0,"parent":0,"menu_order":0,"comment_status":"closed","ping_status":"closed","template":"","meta":{"footnotes":""},"class_list":["post-7565","page","type-page","status-publish","hentry"],"_links":{"self":[{"href":"https:\/\/baruerieventos.com.br\/site\/wp-json\/wp\/v2\/pages\/7565","targetHints":{"allow":["GET"]}}],"collection":[{"href":"https:\/\/baruerieventos.com.br\/site\/wp-json\/wp\/v2\/pages"}],"about":[{"href":"https:\/\/baruerieventos.com.br\/site\/wp-json\/wp\/v2\/types\/page"}],"author":[{"embeddable":true,"href":"https:\/\/baruerieventos.com.br\/site\/wp-json\/wp\/v2\/users\/1"}],"replies":[{"embeddable":true,"href":"https:\/\/baruerieventos.com.br\/site\/wp-json\/wp\/v2\/comments?post=7565"}],"version-history":[{"count":0,"href":"https:\/\/baruerieventos.com.br\/site\/wp-json\/wp\/v2\/pages\/7565\/revisions"}],"wp:attachment":[{"href":"https:\/\/baruerieventos.com.br\/site\/wp-json\/wp\/v2\/media?parent=7565"}],"curies":[{"name":"wp","href":"https:\/\/api.w.org\/{rel}","templated":true}]}}